{"id":2707,"date":"2024-02-21T22:21:22","date_gmt":"2024-02-21T21:21:22","guid":{"rendered":"https:\/\/calefy.app\/?page_id=2707"},"modified":"2024-02-21T22:39:05","modified_gmt":"2024-02-21T21:39:05","slug":"konto-loeschen","status":"publish","type":"page","link":"https:\/\/calefy.app\/de\/konto-loeschen","title":{"rendered":"L\u00f6sche Dein CALEFY Konto"},"content":{"rendered":"<p>&nbsp;<\/p>\n<p>Wir bedauern, dass Sie Ihr CALEFY-Konto l\u00f6schen m\u00f6chten. Wenn Sie ein Problem mit der App haben, kontaktieren Sie uns bitte \u00fcber <a href=\"mailto:support@calefy.app\">support@calefy.app<\/a>.<\/p>\n<p>Wenn Sie Ihr Konto trotzdem l\u00f6schen m\u00f6chten, senden Sie uns bitte eine Nachricht an <a href=\"mailto:account@calefy.app\">account@calefy.app<\/a> mit Ihrer registrierten Handynummer und Ihrem Wunsch, Ihr Konto zu l\u00f6schen. Wir werden Ihre Daten \u00fcberpr\u00fcfen und Sie \u00fcber die L\u00f6schung Ihres Kontos und aller Ihrer gespeicherten pers\u00f6nlichen Daten informieren, sobald diese erfolgt ist. Bitte rechnen Sie mit einer Bearbeitungszeit von 7 Tagen.<\/p>\n","protected":false},"excerpt":{"rendered":"<p>&nbsp; Wir bedauern, dass Sie Ihr CALEFY-Konto l\u00f6schen m\u00f6chten. Wenn Sie ein Problem mit der App haben, kontaktieren Sie uns bitte \u00fcber support@calefy.app. Wenn Sie Ihr Konto trotzdem l\u00f6schen m\u00f6chten, senden Sie uns bitte eine Nachricht an account@calefy.app mit Ihrer registrierten Handynummer und Ihrem Wunsch, Ihr Konto zu l\u00f6schen. Wir werden Ihre Daten \u00fcberpr\u00fcfen und  [&#8230;]<\/p>\n","protected":false},"author":1,"featured_media":0,"parent":0,"menu_order":0,"comment_status":"closed","ping_status":"closed","template":"100-width.php","meta":{"footnotes":""},"class_list":["post-2707","page","type-page","status-publish","hentry"],"yoast_head":"<!-- This site is optimized with the Yoast SEO plugin v27.4 - https:\/\/yoast.com\/product\/yoast-seo-wordpress\/ -->\n<title>L\u00f6sche Dein CALEFY Konto - CALEFY - The Social Calendar<\/title>\n<meta name=\"robots\" content=\"index, follow, max-snippet:-1, max-image-preview:large, max-video-preview:-1\" \/>\n<link rel=\"canonical\" href=\"https:\/\/calefy.app\/de\/konto-loeschen\" \/>\n<meta property=\"og:locale\" content=\"de_DE\" \/>\n<meta property=\"og:type\" content=\"article\" \/>\n<meta property=\"og:title\" content=\"L\u00f6sche Dein CALEFY Konto - CALEFY - The Social Calendar\" \/>\n<meta property=\"og:description\" content=\"&nbsp; Wir bedauern, dass Sie Ihr CALEFY-Konto l\u00f6schen m\u00f6chten. Wenn Sie ein Problem mit der App haben, kontaktieren Sie uns bitte \u00fcber support@calefy.app. Wenn Sie Ihr Konto trotzdem l\u00f6schen m\u00f6chten, senden Sie uns bitte eine Nachricht an account@calefy.app mit Ihrer registrierten Handynummer und Ihrem Wunsch, Ihr Konto zu l\u00f6schen. Wir werden Ihre Daten \u00fcberpr\u00fcfen und [...]\" \/>\n<meta property=\"og:url\" content=\"https:\/\/calefy.app\/de\/konto-loeschen\" \/>\n<meta property=\"og:site_name\" content=\"CALEFY - The Social Calendar\" \/>\n<meta property=\"article:modified_time\" content=\"2024-02-21T21:39:05+00:00\" \/>\n<meta name=\"twitter:card\" content=\"summary_large_image\" \/>\n<meta name=\"twitter:label1\" content=\"Gesch\u00e4tzte Lesezeit\" \/>\n\t<meta name=\"twitter:data1\" content=\"19\u00a0Minuten\" \/>\n<script type=\"application\/ld+json\" class=\"yoast-schema-graph\">{\"@context\":\"https:\\\/\\\/schema.org\",\"@graph\":[{\"@type\":\"WebPage\",\"@id\":\"https:\\\/\\\/calefy.app\\\/de\\\/konto-loeschen\",\"url\":\"https:\\\/\\\/calefy.app\\\/de\\\/konto-loeschen\",\"name\":\"L\u00f6sche Dein CALEFY Konto - CALEFY - The Social Calendar\",\"isPartOf\":{\"@id\":\"https:\\\/\\\/calefy.app\\\/de#website\"},\"datePublished\":\"2024-02-21T21:21:22+00:00\",\"dateModified\":\"2024-02-21T21:39:05+00:00\",\"breadcrumb\":{\"@id\":\"https:\\\/\\\/calefy.app\\\/de\\\/konto-loeschen#breadcrumb\"},\"inLanguage\":\"de\",\"potentialAction\":[{\"@type\":\"ReadAction\",\"target\":[\"https:\\\/\\\/calefy.app\\\/de\\\/konto-loeschen\"]}]},{\"@type\":\"BreadcrumbList\",\"@id\":\"https:\\\/\\\/calefy.app\\\/de\\\/konto-loeschen#breadcrumb\",\"itemListElement\":[{\"@type\":\"ListItem\",\"position\":1,\"name\":\"Home\",\"item\":\"https:\\\/\\\/calefy.app\\\/de\"},{\"@type\":\"ListItem\",\"position\":2,\"name\":\"L\u00f6sche Dein CALEFY Konto\"}]},{\"@type\":\"WebSite\",\"@id\":\"https:\\\/\\\/calefy.app\\\/de#website\",\"url\":\"https:\\\/\\\/calefy.app\\\/de\",\"name\":\"CALEFY - The Social Calendar\",\"description\":\"\",\"potentialAction\":[{\"@type\":\"SearchAction\",\"target\":{\"@type\":\"EntryPoint\",\"urlTemplate\":\"https:\\\/\\\/calefy.app\\\/de?s={search_term_string}\"},\"query-input\":{\"@type\":\"PropertyValueSpecification\",\"valueRequired\":true,\"valueName\":\"search_term_string\"}}],\"inLanguage\":\"de\"}]}<\/script>\n<!-- \/ Yoast SEO plugin. -->","yoast_head_json":{"title":"L\u00f6sche Dein CALEFY Konto - CALEFY - The Social Calendar","robots":{"index":"index","follow":"follow","max-snippet":"max-snippet:-1","max-image-preview":"max-image-preview:large","max-video-preview":"max-video-preview:-1"},"canonical":"https:\/\/calefy.app\/de\/konto-loeschen","og_locale":"de_DE","og_type":"article","og_title":"L\u00f6sche Dein CALEFY Konto - CALEFY - The Social Calendar","og_description":"&nbsp; Wir bedauern, dass Sie Ihr CALEFY-Konto l\u00f6schen m\u00f6chten. Wenn Sie ein Problem mit der App haben, kontaktieren Sie uns bitte \u00fcber support@calefy.app. Wenn Sie Ihr Konto trotzdem l\u00f6schen m\u00f6chten, senden Sie uns bitte eine Nachricht an account@calefy.app mit Ihrer registrierten Handynummer und Ihrem Wunsch, Ihr Konto zu l\u00f6schen. Wir werden Ihre Daten \u00fcberpr\u00fcfen und [...]","og_url":"https:\/\/calefy.app\/de\/konto-loeschen","og_site_name":"CALEFY - The Social Calendar","article_modified_time":"2024-02-21T21:39:05+00:00","twitter_card":"summary_large_image","twitter_misc":{"Gesch\u00e4tzte Lesezeit":"19\u00a0Minuten"},"schema":{"@context":"https:\/\/schema.org","@graph":[{"@type":"WebPage","@id":"https:\/\/calefy.app\/de\/konto-loeschen","url":"https:\/\/calefy.app\/de\/konto-loeschen","name":"L\u00f6sche Dein CALEFY Konto - CALEFY - The Social Calendar","isPartOf":{"@id":"https:\/\/calefy.app\/de#website"},"datePublished":"2024-02-21T21:21:22+00:00","dateModified":"2024-02-21T21:39:05+00:00","breadcrumb":{"@id":"https:\/\/calefy.app\/de\/konto-loeschen#breadcrumb"},"inLanguage":"de","potentialAction":[{"@type":"ReadAction","target":["https:\/\/calefy.app\/de\/konto-loeschen"]}]},{"@type":"BreadcrumbList","@id":"https:\/\/calefy.app\/de\/konto-loeschen#breadcrumb","itemListElement":[{"@type":"ListItem","position":1,"name":"Home","item":"https:\/\/calefy.app\/de"},{"@type":"ListItem","position":2,"name":"L\u00f6sche Dein CALEFY Konto"}]},{"@type":"WebSite","@id":"https:\/\/calefy.app\/de#website","url":"https:\/\/calefy.app\/de","name":"CALEFY - The Social Calendar","description":"","potentialAction":[{"@type":"SearchAction","target":{"@type":"EntryPoint","urlTemplate":"https:\/\/calefy.app\/de?s={search_term_string}"},"query-input":{"@type":"PropertyValueSpecification","valueRequired":true,"valueName":"search_term_string"}}],"inLanguage":"de"}]}},"_links":{"self":[{"href":"https:\/\/calefy.app\/de\/wp-json\/wp\/v2\/pages\/2707","targetHints":{"allow":["GET"]}}],"collection":[{"href":"https:\/\/calefy.app\/de\/wp-json\/wp\/v2\/pages"}],"about":[{"href":"https:\/\/calefy.app\/de\/wp-json\/wp\/v2\/types\/page"}],"author":[{"embeddable":true,"href":"https:\/\/calefy.app\/de\/wp-json\/wp\/v2\/users\/1"}],"replies":[{"embeddable":true,"href":"https:\/\/calefy.app\/de\/wp-json\/wp\/v2\/comments?post=2707"}],"version-history":[{"count":1,"href":"https:\/\/calefy.app\/de\/wp-json\/wp\/v2\/pages\/2707\/revisions"}],"predecessor-version":[{"id":2711,"href":"https:\/\/calefy.app\/de\/wp-json\/wp\/v2\/pages\/2707\/revisions\/2711"}],"wp:attachment":[{"href":"https:\/\/calefy.app\/de\/wp-json\/wp\/v2\/media?parent=2707"}],"curies":[{"name":"wp","href":"https:\/\/api.w.org\/{rel}","templated":true}]}}