{"id":2493,"date":"2021-12-07T00:23:27","date_gmt":"2021-12-06T23:23:27","guid":{"rendered":"https:\/\/calefy.app\/?page_id=2493"},"modified":"2022-06-14T21:31:50","modified_gmt":"2022-06-14T20:31:50","slug":"impressum","status":"publish","type":"page","link":"https:\/\/calefy.app\/de\/impressum","title":{"rendered":"Impressum"},"content":{"rendered":"<h1 style=\"margin-top: 55px\">Impressum<\/h1>\n<h2>Angaben gem\u00e4\u00df \u00a7 5 TMG<\/h2>\n<p>Calefy GmbH &amp; Co. KG<br \/>\nAn den Sonneng\u00e4rten 29<br \/>\n52388 N\u00f6rvenich<\/p>\n<p>Handelsregister: HRA 3926<br \/>\nRegistergericht: Amtsgericht D\u00fcren<\/p>\n<p><strong>Vertreten durch:<\/strong><br \/>\nCalefy Management GmbH<\/p>\n<p>Diese vertreten durch:<br \/>\nAndreas Urban<\/p>\n<p>Handelsregister: HRB 8830<br \/>\nRegistergericht: Amtsgericht D\u00fcren<\/p>\n<h2>Kontakt<\/h2>\n<p>Telefon: +49 24 26 &#8211; 68 74 935<br \/>\nE-Mail: hello@calefy.app<\/p>\n<h2>EU-Streitschlichtung<\/h2>\n<p>Die Europ\u00e4ische Kommission stellt eine Plattform zur Online-Streitbeilegung (OS) bereit: <a href=\"https:\/\/ec.europa.eu\/consumers\/odr\/\" target=\"_blank\" rel=\"noopener noreferrer\">https:\/\/ec.europa.eu\/consumers\/odr\/<\/a>.<br \/>\nUnsere E-Mail-Adresse finden Sie oben im Impressum.<\/p>\n<h2>Verbraucher\u00adstreit\u00adbeilegung\/Universal\u00adschlichtungs\u00adstelle<\/h2>\n<p>Wir sind nicht bereit oder verpflichtet, an Streitbeilegungsverfahren vor einer Verbraucherschlichtungsstelle teilzunehmen.<\/p>\n","protected":false},"excerpt":{"rendered":"<p>Impressum Angaben gem\u00e4\u00df \u00a7 5 TMG Calefy GmbH &amp; Co. KG An den Sonneng\u00e4rten 29 52388 N\u00f6rvenich Handelsregister: HRA 3926 Registergericht: Amtsgericht D\u00fcren Vertreten durch: Calefy Management GmbH Diese vertreten durch: Andreas Urban Handelsregister: HRB 8830 Registergericht: Amtsgericht D\u00fcren Kontakt Telefon: +49 24 26 &#8211; 68 74 935 E-Mail: hello@calefy.app EU-Streitschlichtung Die Europ\u00e4ische Kommission stellt  [&#8230;]<\/p>\n","protected":false},"author":1,"featured_media":0,"parent":0,"menu_order":0,"comment_status":"closed","ping_status":"closed","template":"100-width.php","meta":{"footnotes":""},"class_list":["post-2493","page","type-page","status-publish","hentry"],"yoast_head":"<!-- This site is optimized with the Yoast SEO plugin v27.5 - https:\/\/yoast.com\/product\/yoast-seo-wordpress\/ -->\n<title>Impressum - CALEFY - The Social Calendar<\/title>\n<meta name=\"robots\" content=\"index, follow, max-snippet:-1, max-image-preview:large, max-video-preview:-1\" \/>\n<link rel=\"canonical\" href=\"https:\/\/calefy.app\/de\/impressum\" \/>\n<meta property=\"og:locale\" content=\"de_DE\" \/>\n<meta property=\"og:type\" content=\"article\" \/>\n<meta property=\"og:title\" content=\"Impressum - CALEFY - The Social Calendar\" \/>\n<meta property=\"og:description\" content=\"Impressum Angaben gem\u00e4\u00df \u00a7 5 TMG Calefy GmbH &amp; Co. KG An den Sonneng\u00e4rten 29 52388 N\u00f6rvenich Handelsregister: HRA 3926 Registergericht: Amtsgericht D\u00fcren Vertreten durch: Calefy Management GmbH Diese vertreten durch: Andreas Urban Handelsregister: HRB 8830 Registergericht: Amtsgericht D\u00fcren Kontakt Telefon: +49 24 26 &#8211; 68 74 935 E-Mail: hello@calefy.app EU-Streitschlichtung Die Europ\u00e4ische Kommission stellt [...]\" \/>\n<meta property=\"og:url\" content=\"https:\/\/calefy.app\/de\/impressum\" \/>\n<meta property=\"og:site_name\" content=\"CALEFY - The Social Calendar\" \/>\n<meta property=\"article:modified_time\" content=\"2022-06-14T20:31:50+00:00\" \/>\n<meta name=\"twitter:card\" content=\"summary_large_image\" \/>\n<script type=\"application\/ld+json\" class=\"yoast-schema-graph\">{\"@context\":\"https:\\\/\\\/schema.org\",\"@graph\":[{\"@type\":\"WebPage\",\"@id\":\"https:\\\/\\\/calefy.app\\\/de\\\/impressum\",\"url\":\"https:\\\/\\\/calefy.app\\\/de\\\/impressum\",\"name\":\"Impressum - CALEFY - The Social Calendar\",\"isPartOf\":{\"@id\":\"https:\\\/\\\/calefy.app\\\/de#website\"},\"datePublished\":\"2021-12-06T23:23:27+00:00\",\"dateModified\":\"2022-06-14T20:31:50+00:00\",\"breadcrumb\":{\"@id\":\"https:\\\/\\\/calefy.app\\\/de\\\/impressum#breadcrumb\"},\"inLanguage\":\"de\",\"potentialAction\":[{\"@type\":\"ReadAction\",\"target\":[\"https:\\\/\\\/calefy.app\\\/de\\\/impressum\"]}]},{\"@type\":\"BreadcrumbList\",\"@id\":\"https:\\\/\\\/calefy.app\\\/de\\\/impressum#breadcrumb\",\"itemListElement\":[{\"@type\":\"ListItem\",\"position\":1,\"name\":\"Home\",\"item\":\"https:\\\/\\\/calefy.app\\\/de\"},{\"@type\":\"ListItem\",\"position\":2,\"name\":\"Impressum\"}]},{\"@type\":\"WebSite\",\"@id\":\"https:\\\/\\\/calefy.app\\\/de#website\",\"url\":\"https:\\\/\\\/calefy.app\\\/de\",\"name\":\"CALEFY - The Social Calendar\",\"description\":\"\",\"potentialAction\":[{\"@type\":\"SearchAction\",\"target\":{\"@type\":\"EntryPoint\",\"urlTemplate\":\"https:\\\/\\\/calefy.app\\\/de?s={search_term_string}\"},\"query-input\":{\"@type\":\"PropertyValueSpecification\",\"valueRequired\":true,\"valueName\":\"search_term_string\"}}],\"inLanguage\":\"de\"}]}<\/script>\n<!-- \/ Yoast SEO plugin. -->","yoast_head_json":{"title":"Impressum - CALEFY - The Social Calendar","robots":{"index":"index","follow":"follow","max-snippet":"max-snippet:-1","max-image-preview":"max-image-preview:large","max-video-preview":"max-video-preview:-1"},"canonical":"https:\/\/calefy.app\/de\/impressum","og_locale":"de_DE","og_type":"article","og_title":"Impressum - CALEFY - The Social Calendar","og_description":"Impressum Angaben gem\u00e4\u00df \u00a7 5 TMG Calefy GmbH &amp; Co. KG An den Sonneng\u00e4rten 29 52388 N\u00f6rvenich Handelsregister: HRA 3926 Registergericht: Amtsgericht D\u00fcren Vertreten durch: Calefy Management GmbH Diese vertreten durch: Andreas Urban Handelsregister: HRB 8830 Registergericht: Amtsgericht D\u00fcren Kontakt Telefon: +49 24 26 &#8211; 68 74 935 E-Mail: hello@calefy.app EU-Streitschlichtung Die Europ\u00e4ische Kommission stellt [...]","og_url":"https:\/\/calefy.app\/de\/impressum","og_site_name":"CALEFY - The Social Calendar","article_modified_time":"2022-06-14T20:31:50+00:00","twitter_card":"summary_large_image","schema":{"@context":"https:\/\/schema.org","@graph":[{"@type":"WebPage","@id":"https:\/\/calefy.app\/de\/impressum","url":"https:\/\/calefy.app\/de\/impressum","name":"Impressum - CALEFY - The Social Calendar","isPartOf":{"@id":"https:\/\/calefy.app\/de#website"},"datePublished":"2021-12-06T23:23:27+00:00","dateModified":"2022-06-14T20:31:50+00:00","breadcrumb":{"@id":"https:\/\/calefy.app\/de\/impressum#breadcrumb"},"inLanguage":"de","potentialAction":[{"@type":"ReadAction","target":["https:\/\/calefy.app\/de\/impressum"]}]},{"@type":"BreadcrumbList","@id":"https:\/\/calefy.app\/de\/impressum#breadcrumb","itemListElement":[{"@type":"ListItem","position":1,"name":"Home","item":"https:\/\/calefy.app\/de"},{"@type":"ListItem","position":2,"name":"Impressum"}]},{"@type":"WebSite","@id":"https:\/\/calefy.app\/de#website","url":"https:\/\/calefy.app\/de","name":"CALEFY - The Social Calendar","description":"","potentialAction":[{"@type":"SearchAction","target":{"@type":"EntryPoint","urlTemplate":"https:\/\/calefy.app\/de?s={search_term_string}"},"query-input":{"@type":"PropertyValueSpecification","valueRequired":true,"valueName":"search_term_string"}}],"inLanguage":"de"}]}},"_links":{"self":[{"href":"https:\/\/calefy.app\/de\/wp-json\/wp\/v2\/pages\/2493","targetHints":{"allow":["GET"]}}],"collection":[{"href":"https:\/\/calefy.app\/de\/wp-json\/wp\/v2\/pages"}],"about":[{"href":"https:\/\/calefy.app\/de\/wp-json\/wp\/v2\/types\/page"}],"author":[{"embeddable":true,"href":"https:\/\/calefy.app\/de\/wp-json\/wp\/v2\/users\/1"}],"replies":[{"embeddable":true,"href":"https:\/\/calefy.app\/de\/wp-json\/wp\/v2\/comments?post=2493"}],"version-history":[{"count":5,"href":"https:\/\/calefy.app\/de\/wp-json\/wp\/v2\/pages\/2493\/revisions"}],"predecessor-version":[{"id":2556,"href":"https:\/\/calefy.app\/de\/wp-json\/wp\/v2\/pages\/2493\/revisions\/2556"}],"wp:attachment":[{"href":"https:\/\/calefy.app\/de\/wp-json\/wp\/v2\/media?parent=2493"}],"curies":[{"name":"wp","href":"https:\/\/api.w.org\/{rel}","templated":true}]}}