{"id":2005,"date":"2022-04-04T22:15:06","date_gmt":"2022-04-04T21:15:06","guid":{"rendered":"https:\/\/calefy.app\/?page_id=2005"},"modified":"2022-08-02T22:27:53","modified_gmt":"2022-08-02T21:27:53","slug":"faq","status":"publish","type":"page","link":"https:\/\/calefy.app\/de\/faq","title":{"rendered":"FAQ"},"content":{"rendered":"<div class=\"fusion-fullwidth fullwidth-box fusion-builder-row-1 fusion-flex-container nonhundred-percent-fullwidth non-hundred-percent-height-scrolling\" style=\"--awb-border-radius-top-left:0px;--awb-border-radius-top-right:0px;--awb-border-radius-bottom-right:0px;--awb-border-radius-bottom-left:0px;--awb-margin-top:30px;--awb-margin-bottom:30px;--awb-flex-wrap:wrap;\" ><div class=\"fusion-builder-row fusion-row fusion-flex-align-items-flex-start fusion-flex-content-wrap\" style=\"max-width:1560px;margin-left: calc(-4% \/ 2 );margin-right: calc(-4% \/ 2 );\"><div class=\"fusion-layout-column fusion_builder_column fusion-builder-column-0 fusion_builder_column_1_1 1_1 fusion-flex-column\" style=\"--awb-bg-size:cover;--awb-width-large:100%;--awb-margin-top-large:30px;--awb-spacing-right-large:1.92%;--awb-margin-bottom-large:30px;--awb-spacing-left-large:1.92%;--awb-width-medium:100%;--awb-order-medium:0;--awb-spacing-right-medium:1.92%;--awb-spacing-left-medium:1.92%;--awb-width-small:100%;--awb-order-small:0;--awb-spacing-right-small:1.92%;--awb-spacing-left-small:1.92%;\"><div class=\"fusion-column-wrapper fusion-column-has-shadow fusion-flex-justify-content-flex-start fusion-content-layout-column\"><div class=\"fusion-title title fusion-title-1 fusion-title-text fusion-title-size-one\" style=\"--awb-margin-top:30px;--awb-margin-bottom:30px;--awb-margin-top-small:0px;--awb-margin-right-small:0px;--awb-margin-bottom-small:20px;--awb-margin-left-small:0px;\"><div class=\"title-sep-container title-sep-container-left fusion-no-large-visibility fusion-no-medium-visibility fusion-no-small-visibility\"><div class=\"title-sep sep- sep-solid\" style=\"border-color:#e0dede;\"><\/div><\/div><span class=\"awb-title-spacer fusion-no-large-visibility fusion-no-medium-visibility fusion-no-small-visibility\"><\/span><h1 class=\"fusion-title-heading title-heading-left fusion-responsive-typography-calculated\" style=\"margin:0;--fontSize:46;line-height:1.04;\">H\u00e4ufig gestellte Fragen<\/h1><span class=\"awb-title-spacer\"><\/span><div class=\"title-sep-container title-sep-container-right\"><div class=\"title-sep sep- sep-solid\" style=\"border-color:#e0dede;\"><\/div><\/div><\/div><div class=\"fusion-title title fusion-title-2 fusion-title-text fusion-title-size-two\" style=\"--awb-margin-top:10px;--awb-margin-bottom:50px;--awb-margin-top-small:0px;--awb-margin-right-small:0px;--awb-margin-bottom-small:20px;--awb-margin-left-small:0px;\"><div class=\"title-sep-container title-sep-container-left fusion-no-large-visibility fusion-no-medium-visibility fusion-no-small-visibility\"><div class=\"title-sep sep- sep-solid\" style=\"border-color:#e0dede;\"><\/div><\/div><span class=\"awb-title-spacer fusion-no-large-visibility fusion-no-medium-visibility fusion-no-small-visibility\"><\/span><h2 class=\"fusion-title-heading title-heading-left fusion-responsive-typography-calculated\" style=\"margin:0;--fontSize:24;line-height:1.04;\"><style type=\"text\/css\">\nA:hover <br \/><\/style>\n<p>Falls du hier keine passende Antwort gefunden hast, kontaktiere uns gerne unter <a href=\"mailto:support@calefy.app\">support@calefy.app<\/a><\/p>\n<p>Ansonsten helfen dir garantiert auch unsere <a href=\"https:\/\/calefy.app\/de\/faq-screens\">Screens<\/a> weiter. Hier ist alles noch einmal genau beschrieben, welcher Button f\u00fcr was da ist.<\/p><\/h2><span class=\"awb-title-spacer\"><\/span><div class=\"title-sep-container title-sep-container-right\"><div class=\"title-sep sep- sep-solid\" style=\"border-color:#e0dede;\"><\/div><\/div><\/div><div class=\"accordian fusion-accordian\" style=\"--awb-border-size:1px;--awb-icon-size:25px;--awb-content-font-size:15px;--awb-icon-alignment:right;--awb-hover-color:#29abe2;--awb-border-color:#0071bc;--awb-background-color:#0071bc;--awb-divider-color:#e0dede;--awb-divider-hover-color:#e0dede;--awb-icon-color:#ffffff;--awb-title-color:#ffffff;--awb-content-color:#1b1464;--awb-icon-box-color:#29abe2;--awb-toggle-hover-accent-color:#1b1464;--awb-toggle-active-accent-color:#1b1464;--awb-title-font-family:&quot;IBM Plex Sans Condensed&quot;;--awb-title-font-weight:400;--awb-title-font-style:normal;--awb-title-font-size:20px;--awb-content-font-family:&quot;Open Sans&quot;;--awb-content-font-style:normal;--awb-content-font-weight:400;\"><div class=\"panel-group fusion-toggle-icon-right fusion-toggle-icon-boxed\" id=\"accordion-2005-1\"><div class=\"fusion-panel panel-default panel-4b7c1c4982497260e fusion-toggle-no-divider fusion-toggle-boxed-mode\"><div class=\"panel-heading\"><h4 class=\"panel-title toggle\" id=\"toggle_4b7c1c4982497260e\"><a aria-expanded=\"false\" aria-controls=\"4b7c1c4982497260e\" role=\"button\" data-toggle=\"collapse\" data-parent=\"#accordion-2005-1\" data-target=\"#4b7c1c4982497260e\" href=\"#4b7c1c4982497260e\"><span class=\"fusion-toggle-icon-wrapper\" aria-hidden=\"true\"><i class=\"fa-fusion-box active-icon awb-icon-minus\" aria-hidden=\"true\"><\/i><i class=\"fa-fusion-box inactive-icon awb-icon-plus\" aria-hidden=\"true\"><\/i><\/span><span class=\"fusion-toggle-heading\">Ich habe keinen SMS Code erhalten<\/span><\/a><\/h4><\/div><div id=\"4b7c1c4982497260e\" class=\"panel-collapse collapse \" aria-labelledby=\"toggle_4b7c1c4982497260e\"><div class=\"panel-body toggle-content fusion-clearfix\">\n<p>Versuche es noch einmal und kontrolliere, ob du deine Nummer richtig eingegeben hast.<\/p>\n<\/div><\/div><\/div><div class=\"fusion-panel panel-default panel-d9e46afaf696cc883 fusion-toggle-no-divider fusion-toggle-boxed-mode\"><div class=\"panel-heading\"><h4 class=\"panel-title toggle\" id=\"toggle_d9e46afaf696cc883\"><a aria-expanded=\"false\" aria-controls=\"d9e46afaf696cc883\" role=\"button\" data-toggle=\"collapse\" data-parent=\"#accordion-2005-1\" data-target=\"#d9e46afaf696cc883\" href=\"#d9e46afaf696cc883\"><span class=\"fusion-toggle-icon-wrapper\" aria-hidden=\"true\"><i class=\"fa-fusion-box active-icon awb-icon-minus\" aria-hidden=\"true\"><\/i><i class=\"fa-fusion-box inactive-icon awb-icon-plus\" aria-hidden=\"true\"><\/i><\/span><span class=\"fusion-toggle-heading\">Ich sehe keine Kontakte \/ Personen in der App<\/span><\/a><\/h4><\/div><div id=\"d9e46afaf696cc883\" class=\"panel-collapse collapse \" aria-labelledby=\"toggle_d9e46afaf696cc883\"><div class=\"panel-body toggle-content fusion-clearfix\">\n<p><b>Nur f\u00fcr iOS:<\/b> Wenn Calefy der Kontaktzugriff am Anfang verwehrt wurde, muss er in den iPhone Einstellungen wieder freigegeben werden, damit Calefy die Kontakte laden kann. Gehe daf\u00fcr unter deine iPhone Einstellungen und scrolle nach unten, bis du die Calefy App siehst. Dort klickst du drauf und setzt den Schalter bei Kontakte wieder auf gr\u00fcn. Schliesse die Calefy App und \u00f6ffne sie wieder. Nun sollten die Kontakte zu sehen sein.<span class=\"Apple-converted-space\">\u00a0<\/span><\/p>\n<\/div><\/div><\/div><div class=\"fusion-panel panel-default panel-2d49b8aa90c156e3e fusion-toggle-no-divider fusion-toggle-boxed-mode\"><div class=\"panel-heading\"><h4 class=\"panel-title toggle\" id=\"toggle_2d49b8aa90c156e3e\"><a aria-expanded=\"false\" aria-controls=\"2d49b8aa90c156e3e\" role=\"button\" data-toggle=\"collapse\" data-parent=\"#accordion-2005-1\" data-target=\"#2d49b8aa90c156e3e\" href=\"#2d49b8aa90c156e3e\"><span class=\"fusion-toggle-icon-wrapper\" aria-hidden=\"true\"><i class=\"fa-fusion-box active-icon awb-icon-minus\" aria-hidden=\"true\"><\/i><i class=\"fa-fusion-box inactive-icon awb-icon-plus\" aria-hidden=\"true\"><\/i><\/span><span class=\"fusion-toggle-heading\">Wie lade ich Freunde zu Calefy ein?<\/span><\/a><\/h4><\/div><div id=\"2d49b8aa90c156e3e\" class=\"panel-collapse collapse \" aria-labelledby=\"toggle_2d49b8aa90c156e3e\"><div class=\"panel-body toggle-content fusion-clearfix\">\n<p>Gehe in der Calefy App zu den <b>Einstellungen<\/b> und dann auf <b>Kontakte &amp; Synchronisation<\/b>. Hier kannst du die einzelnen Kontakte zu Calefy einladen.<span class=\"Apple-converted-space\">\u00a0<\/span><\/p>\n<p>Per Klick auf die <b>Vorname \/ Nachname<\/b> Buttons, \u00e4nderst du die Sortierung in A-Z oder Z-A.<span class=\"Apple-converted-space\">\u00a0<\/span><\/p>\n<p>Achte darauf, dass du die <b>Einladung nur an Handynummern<\/b> verschickst.<\/p>\n<\/div><\/div><\/div><div class=\"fusion-panel panel-default panel-80988ff66d98568e9 fusion-toggle-no-divider fusion-toggle-boxed-mode\"><div class=\"panel-heading\"><h4 class=\"panel-title toggle\" id=\"toggle_80988ff66d98568e9\"><a aria-expanded=\"false\" aria-controls=\"80988ff66d98568e9\" role=\"button\" data-toggle=\"collapse\" data-parent=\"#accordion-2005-1\" data-target=\"#80988ff66d98568e9\" href=\"#80988ff66d98568e9\"><span class=\"fusion-toggle-icon-wrapper\" aria-hidden=\"true\"><i class=\"fa-fusion-box active-icon awb-icon-minus\" aria-hidden=\"true\"><\/i><i class=\"fa-fusion-box inactive-icon awb-icon-plus\" aria-hidden=\"true\"><\/i><\/span><span class=\"fusion-toggle-heading\">Calefy Kontakte zu einer Gruppe hinzuf\u00fcgen<\/span><\/a><\/h4><\/div><div id=\"80988ff66d98568e9\" class=\"panel-collapse collapse \" aria-labelledby=\"toggle_80988ff66d98568e9\"><div class=\"panel-body toggle-content fusion-clearfix\">\n<p>Klicke auf den <b>Personen \/ Gruppen<\/b> Button (links vom gr\u00fcnen Plus) und dann auf <b>Gruppen<\/b>. Dort w\u00e4hlst du die Gruppe aus, welche du mit deinen Kontakten f\u00fcllen willst. Gehe oben rechts auf den Stift. Mit dem gr\u00fcnen Kreis, f\u00fcgst du jetzt deine Kontakte hinzu. Wenn du fertig bist, klicke auf das H\u00e4kchen oben rechts. Nun sind die Kontakte in der Gruppe gespeichert und du kannst sie, wenn du einen neuen Termin anlegst, dort hinzuf\u00fcgen.<\/p>\n<p>Gruppennamen k\u00f6nnen derzeit noch nicht bearbeitet werden. Diese Funktion wird aber in einer der n\u00e4chsten Updates kommen.<\/p>\n<\/div><\/div><\/div><div class=\"fusion-panel panel-default panel-aeddeffbc22c82bdd fusion-toggle-no-divider fusion-toggle-boxed-mode\"><div class=\"panel-heading\"><h4 class=\"panel-title toggle\" id=\"toggle_aeddeffbc22c82bdd\"><a aria-expanded=\"false\" aria-controls=\"aeddeffbc22c82bdd\" role=\"button\" data-toggle=\"collapse\" data-parent=\"#accordion-2005-1\" data-target=\"#aeddeffbc22c82bdd\" href=\"#aeddeffbc22c82bdd\"><span class=\"fusion-toggle-icon-wrapper\" aria-hidden=\"true\"><i class=\"fa-fusion-box active-icon awb-icon-minus\" aria-hidden=\"true\"><\/i><i class=\"fa-fusion-box inactive-icon awb-icon-plus\" aria-hidden=\"true\"><\/i><\/span><span class=\"fusion-toggle-heading\">Wie sehe ich alle kommenden Termine von bestimmten Kontakten?<\/span><\/a><\/h4><\/div><div id=\"aeddeffbc22c82bdd\" class=\"panel-collapse collapse \" aria-labelledby=\"toggle_aeddeffbc22c82bdd\"><div class=\"panel-body toggle-content fusion-clearfix\">\n<p>Gehe auf den <b>Personen \/ Gruppen<\/b> Button, dann auf <b>Personen <\/b>und den jeweiligen Kontakt. So gelangst du auf das Profil des Kontaktes und bekommst dort alle eingetragenen Termine und dessen Profil- Informationen angezeigt.<\/p>\n<\/div><\/div><\/div><div class=\"fusion-panel panel-default panel-1337cb8b82391c816 fusion-toggle-no-divider fusion-toggle-boxed-mode\"><div class=\"panel-heading\"><h4 class=\"panel-title toggle\" id=\"toggle_1337cb8b82391c816\"><a aria-expanded=\"false\" aria-controls=\"1337cb8b82391c816\" role=\"button\" data-toggle=\"collapse\" data-parent=\"#accordion-2005-1\" data-target=\"#1337cb8b82391c816\" href=\"#1337cb8b82391c816\"><span class=\"fusion-toggle-icon-wrapper\" aria-hidden=\"true\"><i class=\"fa-fusion-box active-icon awb-icon-minus\" aria-hidden=\"true\"><\/i><i class=\"fa-fusion-box inactive-icon awb-icon-plus\" aria-hidden=\"true\"><\/i><\/span><span class=\"fusion-toggle-heading\">Ich m\u00f6chte an einem Termin von einem Kontakt teilnehmen<\/span><\/a><\/h4><\/div><div id=\"1337cb8b82391c816\" class=\"panel-collapse collapse \" aria-labelledby=\"toggle_1337cb8b82391c816\"><div class=\"panel-body toggle-content fusion-clearfix\">\n<p>Klicke auf den jeweiligen Termin, um in die Detailansicht zu gelangen. Hier klickst du auf den \u201eTeilen\u201c Button unten rechts. Nun kannst du ausw\u00e4hlen, \u00fcber welchen Kanal du deinem Kontakt auf den Termin antworten willst. Messenger, SMS, Email&#8230;<\/p>\n<p>Leider haben wir momentan noch keinen eigenen Chat. Wir arbeiten aber schon daran.<\/p>\n<\/div><\/div><\/div><div class=\"fusion-panel panel-default panel-f70c06827290e9c38 fusion-toggle-no-divider fusion-toggle-boxed-mode\"><div class=\"panel-heading\"><h4 class=\"panel-title toggle\" id=\"toggle_f70c06827290e9c38\"><a aria-expanded=\"false\" aria-controls=\"f70c06827290e9c38\" role=\"button\" data-toggle=\"collapse\" data-parent=\"#accordion-2005-1\" data-target=\"#f70c06827290e9c38\" href=\"#f70c06827290e9c38\"><span class=\"fusion-toggle-icon-wrapper\" aria-hidden=\"true\"><i class=\"fa-fusion-box active-icon awb-icon-minus\" aria-hidden=\"true\"><\/i><i class=\"fa-fusion-box inactive-icon awb-icon-plus\" aria-hidden=\"true\"><\/i><\/span><span class=\"fusion-toggle-heading\">Es werden mir nur Termine von einem Kontakt bzw. gar keine Termine in Calefy angezeigt<\/span><\/a><\/h4><\/div><div id=\"f70c06827290e9c38\" class=\"panel-collapse collapse \" aria-labelledby=\"toggle_f70c06827290e9c38\"><div class=\"panel-body toggle-content fusion-clearfix\">\n<p>Entweder haben deine Kontakte noch nichts eingetragen oder du hast noch jemanden, oben in der Leiste, mit einer gr\u00fcnen Umrandung markiert. Dann werden dir nur die Termine von dem gr\u00fcn umrandeten Kontakt angezeigt. Falls dieser noch nichts eingetragen hat, siehst du auch keine Termine in der \u00dcbersicht. Klicke noch mal auf den Kontakt, um die Umrandung zu entfernen und so wieder \u00dcbersicht \u00fcber die Termine aller Kontakte zu bekommen.<span class=\"Apple-converted-space\">\u00a0<\/span><\/p>\n<\/div><\/div><\/div><div class=\"fusion-panel panel-default panel-b868dc2e6bab517d0 fusion-toggle-no-divider fusion-toggle-boxed-mode\"><div class=\"panel-heading\"><h4 class=\"panel-title toggle\" id=\"toggle_b868dc2e6bab517d0\"><a aria-expanded=\"false\" aria-controls=\"b868dc2e6bab517d0\" role=\"button\" data-toggle=\"collapse\" data-parent=\"#accordion-2005-1\" data-target=\"#b868dc2e6bab517d0\" href=\"#b868dc2e6bab517d0\"><span class=\"fusion-toggle-icon-wrapper\" aria-hidden=\"true\"><i class=\"fa-fusion-box active-icon awb-icon-minus\" aria-hidden=\"true\"><\/i><i class=\"fa-fusion-box inactive-icon awb-icon-plus\" aria-hidden=\"true\"><\/i><\/span><span class=\"fusion-toggle-heading\">Ich bekomme keine Push Nachrichten<\/span><\/a><\/h4><\/div><div id=\"b868dc2e6bab517d0\" class=\"panel-collapse collapse \" aria-labelledby=\"toggle_b868dc2e6bab517d0\"><div class=\"panel-body toggle-content fusion-clearfix\">\n<p>Kontrolliere, ob du in den Einstellungen deines Smartphones, die Benachrichtigungen f\u00fcr Calefy <b>an<\/b>geschaltet hast. In der Calefy App gehst du in die Einstellungen (der Button rechts vom gr\u00fcnen Plus) und guckst, ob die Push Benachrichtigung an ist.<\/p>\n<\/div><\/div><\/div><div class=\"fusion-panel panel-default panel-17895688ae9136fa6 fusion-toggle-no-divider fusion-toggle-boxed-mode\"><div class=\"panel-heading\"><h4 class=\"panel-title toggle\" id=\"toggle_17895688ae9136fa6\"><a aria-expanded=\"false\" aria-controls=\"17895688ae9136fa6\" role=\"button\" data-toggle=\"collapse\" data-parent=\"#accordion-2005-1\" data-target=\"#17895688ae9136fa6\" href=\"#17895688ae9136fa6\"><span class=\"fusion-toggle-icon-wrapper\" aria-hidden=\"true\"><i class=\"fa-fusion-box active-icon awb-icon-minus\" aria-hidden=\"true\"><\/i><i class=\"fa-fusion-box inactive-icon awb-icon-plus\" aria-hidden=\"true\"><\/i><\/span><span class=\"fusion-toggle-heading\">Wie l\u00f6sche ich mein Konto?<\/span><\/a><\/h4><\/div><div id=\"17895688ae9136fa6\" class=\"panel-collapse collapse \" aria-labelledby=\"toggle_17895688ae9136fa6\"><div class=\"panel-body toggle-content fusion-clearfix\">\n<p>Unter Einstellungen, findest du die \u201eKonto l\u00f6schen\u201c Funktion.<\/p>\n<\/div><\/div><\/div><\/div><\/div><\/div><\/div><\/div><\/div>\n","protected":false},"excerpt":{"rendered":"","protected":false},"author":4,"featured_media":0,"parent":0,"menu_order":0,"comment_status":"closed","ping_status":"closed","template":"100-width.php","meta":{"footnotes":""},"class_list":["post-2005","page","type-page","status-publish","hentry"],"yoast_head":"<!-- This site is optimized with the Yoast SEO plugin v27.5 - https:\/\/yoast.com\/product\/yoast-seo-wordpress\/ -->\n<title>FAQ - CALEFY - The Social Calendar<\/title>\n<meta name=\"robots\" content=\"index, follow, max-snippet:-1, max-image-preview:large, max-video-preview:-1\" \/>\n<link rel=\"canonical\" href=\"https:\/\/calefy.app\/de\/faq\" \/>\n<meta property=\"og:locale\" content=\"de_DE\" \/>\n<meta property=\"og:type\" content=\"article\" \/>\n<meta property=\"og:title\" content=\"FAQ - CALEFY - The Social Calendar\" \/>\n<meta property=\"og:url\" content=\"https:\/\/calefy.app\/de\/faq\" \/>\n<meta property=\"og:site_name\" content=\"CALEFY - The Social Calendar\" \/>\n<meta property=\"article:modified_time\" content=\"2022-08-02T21:27:53+00:00\" \/>\n<meta name=\"twitter:card\" content=\"summary_large_image\" \/>\n<meta name=\"twitter:label1\" content=\"Gesch\u00e4tzte Lesezeit\" \/>\n\t<meta name=\"twitter:data1\" content=\"3\u00a0Minuten\" \/>\n<script type=\"application\/ld+json\" class=\"yoast-schema-graph\">{\"@context\":\"https:\\\/\\\/schema.org\",\"@graph\":[{\"@type\":\"WebPage\",\"@id\":\"https:\\\/\\\/calefy.app\\\/de\\\/faq\",\"url\":\"https:\\\/\\\/calefy.app\\\/de\\\/faq\",\"name\":\"FAQ - CALEFY - The Social Calendar\",\"isPartOf\":{\"@id\":\"https:\\\/\\\/calefy.app\\\/de#website\"},\"datePublished\":\"2022-04-04T21:15:06+00:00\",\"dateModified\":\"2022-08-02T21:27:53+00:00\",\"breadcrumb\":{\"@id\":\"https:\\\/\\\/calefy.app\\\/de\\\/faq#breadcrumb\"},\"inLanguage\":\"de\",\"potentialAction\":[{\"@type\":\"ReadAction\",\"target\":[\"https:\\\/\\\/calefy.app\\\/de\\\/faq\"]}]},{\"@type\":\"BreadcrumbList\",\"@id\":\"https:\\\/\\\/calefy.app\\\/de\\\/faq#breadcrumb\",\"itemListElement\":[{\"@type\":\"ListItem\",\"position\":1,\"name\":\"Home\",\"item\":\"https:\\\/\\\/calefy.app\\\/de\"},{\"@type\":\"ListItem\",\"position\":2,\"name\":\"FAQ\"}]},{\"@type\":\"WebSite\",\"@id\":\"https:\\\/\\\/calefy.app\\\/de#website\",\"url\":\"https:\\\/\\\/calefy.app\\\/de\",\"name\":\"CALEFY - The Social Calendar\",\"description\":\"\",\"potentialAction\":[{\"@type\":\"SearchAction\",\"target\":{\"@type\":\"EntryPoint\",\"urlTemplate\":\"https:\\\/\\\/calefy.app\\\/de?s={search_term_string}\"},\"query-input\":{\"@type\":\"PropertyValueSpecification\",\"valueRequired\":true,\"valueName\":\"search_term_string\"}}],\"inLanguage\":\"de\"}]}<\/script>\n<!-- \/ Yoast SEO plugin. -->","yoast_head_json":{"title":"FAQ - CALEFY - The Social Calendar","robots":{"index":"index","follow":"follow","max-snippet":"max-snippet:-1","max-image-preview":"max-image-preview:large","max-video-preview":"max-video-preview:-1"},"canonical":"https:\/\/calefy.app\/de\/faq","og_locale":"de_DE","og_type":"article","og_title":"FAQ - CALEFY - The Social Calendar","og_url":"https:\/\/calefy.app\/de\/faq","og_site_name":"CALEFY - The Social Calendar","article_modified_time":"2022-08-02T21:27:53+00:00","twitter_card":"summary_large_image","twitter_misc":{"Gesch\u00e4tzte Lesezeit":"3\u00a0Minuten"},"schema":{"@context":"https:\/\/schema.org","@graph":[{"@type":"WebPage","@id":"https:\/\/calefy.app\/de\/faq","url":"https:\/\/calefy.app\/de\/faq","name":"FAQ - CALEFY - The Social Calendar","isPartOf":{"@id":"https:\/\/calefy.app\/de#website"},"datePublished":"2022-04-04T21:15:06+00:00","dateModified":"2022-08-02T21:27:53+00:00","breadcrumb":{"@id":"https:\/\/calefy.app\/de\/faq#breadcrumb"},"inLanguage":"de","potentialAction":[{"@type":"ReadAction","target":["https:\/\/calefy.app\/de\/faq"]}]},{"@type":"BreadcrumbList","@id":"https:\/\/calefy.app\/de\/faq#breadcrumb","itemListElement":[{"@type":"ListItem","position":1,"name":"Home","item":"https:\/\/calefy.app\/de"},{"@type":"ListItem","position":2,"name":"FAQ"}]},{"@type":"WebSite","@id":"https:\/\/calefy.app\/de#website","url":"https:\/\/calefy.app\/de","name":"CALEFY - The Social Calendar","description":"","potentialAction":[{"@type":"SearchAction","target":{"@type":"EntryPoint","urlTemplate":"https:\/\/calefy.app\/de?s={search_term_string}"},"query-input":{"@type":"PropertyValueSpecification","valueRequired":true,"valueName":"search_term_string"}}],"inLanguage":"de"}]}},"_links":{"self":[{"href":"https:\/\/calefy.app\/de\/wp-json\/wp\/v2\/pages\/2005","targetHints":{"allow":["GET"]}}],"collection":[{"href":"https:\/\/calefy.app\/de\/wp-json\/wp\/v2\/pages"}],"about":[{"href":"https:\/\/calefy.app\/de\/wp-json\/wp\/v2\/types\/page"}],"author":[{"embeddable":true,"href":"https:\/\/calefy.app\/de\/wp-json\/wp\/v2\/users\/4"}],"replies":[{"embeddable":true,"href":"https:\/\/calefy.app\/de\/wp-json\/wp\/v2\/comments?post=2005"}],"version-history":[{"count":11,"href":"https:\/\/calefy.app\/de\/wp-json\/wp\/v2\/pages\/2005\/revisions"}],"predecessor-version":[{"id":2420,"href":"https:\/\/calefy.app\/de\/wp-json\/wp\/v2\/pages\/2005\/revisions\/2420"}],"wp:attachment":[{"href":"https:\/\/calefy.app\/de\/wp-json\/wp\/v2\/media?parent=2005"}],"curies":[{"name":"wp","href":"https:\/\/api.w.org\/{rel}","templated":true}]}}